{"id":95,"date":"2024-03-08T08:42:50","date_gmt":"2024-03-08T08:42:50","guid":{"rendered":"https:\/\/demo2wpopal.b-cdn.net\/lebagol\/shop\/awesome-wool-computer\/"},"modified":"2025-04-15T14:03:38","modified_gmt":"2025-04-15T14:03:38","slug":"cirese-confiate-albastre-cu-codita","status":"publish","type":"product","link":"https:\/\/www.italprod.eu\/en\/product\/cirese-confiate-albastre-cu-codita\/","title":{"rendered":"Cirese confiate albastre cu codita"},"content":{"rendered":"<p>VALORI NUTRI\u021aIONALE (pentru 100g produs): Energie 840 kJ\/198 kca, Gr\u0103simi 0,17 g din care saturate 0,0 g, Glucide 49,2 g din care zaharuri 46,6 g Fibre &lt;0,5 g Proteine &lt;0,3 g Sare 0,15 g<\/p>\n<p>Ingrediente: Cire\u0219e, ap\u0103, sirop de glucoz\u0103-fructoz\u0103, zah\u0103r, acidifiant: acid citric, coloranti (tartrazin\u0103, albastru briliant), arom\u0103. Dioxid de sulf (ca reziduu)<\/p>\n<p>A se p\u0103stra la loc uscat \u0219i r\u0103coros, ferit de lumina direct\u0103 a soarelui.<br \/>\nDup\u0103 deschidere produsul se va p\u0103stra \u00een spa\u021bii refrigerate \u0219i se va consuma \u00een termen de 7 zile.<\/p>\n<p>Poate con\u021bine s\u00e2mburi sau fragmente de s\u00e2mburi.<br \/>\nCon\u021bine sulfa\u021bi.<br \/>\nTartrazina poate avea un efect negativ asupra atentiei si activitatii copiilor.<\/p>\n<p>Certificari:IFS FOOD, ISO 22005, Kosher, Halal, SMETA, Vegan<\/p>\n<p>&nbsp;<\/p>","protected":false},"excerpt":{"rendered":"<p>Este ideal pentru decorarea \u00eenghe\u021batei, torturilor, iaurturilor \u0219i cocktailurilor.<\/p>","protected":false},"featured_media":6992,"comment_status":"open","ping_status":"closed","template":"","meta":{"pagelayer_contact_templates":[],"_pagelayer_content":""},"product_cat":[62,38],"product_tag":[69],"class_list":{"0":"post-95","1":"product","2":"type-product","3":"status-publish","4":"has-post-thumbnail","6":"product_cat-cocktail-cherries","7":"product_cat-fructe-confiate","8":"product_tag-cocktailcherries-cherries","10":"first","11":"instock","12":"shipping-taxable","13":"product-type-simple"},"_links":{"self":[{"href":"https:\/\/www.italprod.eu\/en\/wp-json\/wp\/v2\/product\/95","targetHints":{"allow":["GET"]}}],"collection":[{"href":"https:\/\/www.italprod.eu\/en\/wp-json\/wp\/v2\/product"}],"about":[{"href":"https:\/\/www.italprod.eu\/en\/wp-json\/wp\/v2\/types\/product"}],"replies":[{"embeddable":true,"href":"https:\/\/www.italprod.eu\/en\/wp-json\/wp\/v2\/comments?post=95"}],"version-history":[{"count":9,"href":"https:\/\/www.italprod.eu\/en\/wp-json\/wp\/v2\/product\/95\/revisions"}],"predecessor-version":[{"id":7003,"href":"https:\/\/www.italprod.eu\/en\/wp-json\/wp\/v2\/product\/95\/revisions\/7003"}],"wp:featuredmedia":[{"embeddable":true,"href":"https:\/\/www.italprod.eu\/en\/wp-json\/wp\/v2\/media\/6992"}],"wp:attachment":[{"href":"https:\/\/www.italprod.eu\/en\/wp-json\/wp\/v2\/media?parent=95"}],"wp:term":[{"taxonomy":"product_cat","embeddable":true,"href":"https:\/\/www.italprod.eu\/en\/wp-json\/wp\/v2\/product_cat?post=95"},{"taxonomy":"product_tag","embeddable":true,"href":"https:\/\/www.italprod.eu\/en\/wp-json\/wp\/v2\/product_tag?post=95"}],"curies":[{"name":"wp","href":"https:\/\/api.w.org\/{rel}","templated":true}]}}