{"id":79,"date":"2024-03-08T08:42:39","date_gmt":"2024-03-08T08:42:39","guid":{"rendered":"https:\/\/demo2wpopal.b-cdn.net\/lebagol\/shop\/gorgeous-marble-computer\/"},"modified":"2025-04-15T12:56:23","modified_gmt":"2025-04-15T12:56:23","slug":"cuburi-mixte-confiate","status":"publish","type":"product","link":"https:\/\/www.italprod.eu\/en\/product\/cuburi-mixte-confiate\/","title":{"rendered":"Cuburi mixte confiate"},"content":{"rendered":"<p>Cuburi de portocale si napi maturi supuse unui proces de confiere. Gustul este dulce \u015fi aroma este tipic\u0103.<br \/>\nCuburile mixte confiate sunt ambalate \u00een cutii de carton, f\u0103r\u0103 sirop.<\/p>","protected":false},"excerpt":{"rendered":"<p>Cuburi de portocale si napi maturi supuse unui proces de confiere. Gustul este dulce \u015fi aroma este tipic\u0103.<br \/>\nCuburile mixte confiate sunt ambalate \u00een cutii de carton, f\u0103r\u0103 sirop.<\/p>","protected":false},"featured_media":6640,"comment_status":"open","ping_status":"closed","template":"","meta":{"pagelayer_contact_templates":[],"_pagelayer_content":""},"product_cat":[38],"product_tag":[],"class_list":{"0":"post-79","1":"product","2":"type-product","3":"status-publish","4":"has-post-thumbnail","6":"product_cat-fructe-confiate","8":"first","9":"instock","10":"shipping-taxable","11":"product-type-external"},"_links":{"self":[{"href":"https:\/\/www.italprod.eu\/en\/wp-json\/wp\/v2\/product\/79","targetHints":{"allow":["GET"]}}],"collection":[{"href":"https:\/\/www.italprod.eu\/en\/wp-json\/wp\/v2\/product"}],"about":[{"href":"https:\/\/www.italprod.eu\/en\/wp-json\/wp\/v2\/types\/product"}],"replies":[{"embeddable":true,"href":"https:\/\/www.italprod.eu\/en\/wp-json\/wp\/v2\/comments?post=79"}],"version-history":[{"count":3,"href":"https:\/\/www.italprod.eu\/en\/wp-json\/wp\/v2\/product\/79\/revisions"}],"predecessor-version":[{"id":6647,"href":"https:\/\/www.italprod.eu\/en\/wp-json\/wp\/v2\/product\/79\/revisions\/6647"}],"wp:featuredmedia":[{"embeddable":true,"href":"https:\/\/www.italprod.eu\/en\/wp-json\/wp\/v2\/media\/6640"}],"wp:attachment":[{"href":"https:\/\/www.italprod.eu\/en\/wp-json\/wp\/v2\/media?parent=79"}],"wp:term":[{"taxonomy":"product_cat","embeddable":true,"href":"https:\/\/www.italprod.eu\/en\/wp-json\/wp\/v2\/product_cat?post=79"},{"taxonomy":"product_tag","embeddable":true,"href":"https:\/\/www.italprod.eu\/en\/wp-json\/wp\/v2\/product_tag?post=79"}],"curies":[{"name":"wp","href":"https:\/\/api.w.org\/{rel}","templated":true}]}}