{"id":70,"date":"2024-03-08T08:42:30","date_gmt":"2024-03-08T08:42:30","guid":{"rendered":"https:\/\/demo2wpopal.b-cdn.net\/lebagol\/shop\/mediocre-linen-knife\/"},"modified":"2025-04-15T12:56:15","modified_gmt":"2025-04-15T12:56:15","slug":"pasta-din-coaja-rasa-de-lamaie-confiata","status":"publish","type":"product","link":"https:\/\/www.italprod.eu\/en\/product\/pasta-din-coaja-rasa-de-lamaie-confiata\/","title":{"rendered":"Past\u0103 din coaja rasa de lam\u00e2ie confiata"},"content":{"rendered":"<p>Coaja de la l\u0103m\u00e2ile mature atent selec\u021bionate este supus\u0103 unui proces de confiere si m\u0103cinare.<\/p>","protected":false},"excerpt":{"rendered":"<p>Coaja de la l\u0103m\u00e2ile mature atent selec\u021bionate este supus\u0103 unui proces de confiere si m\u0103cinare.<\/p>","protected":false},"featured_media":6652,"comment_status":"open","ping_status":"closed","template":"","meta":{"pagelayer_contact_templates":[],"_pagelayer_content":""},"product_cat":[45],"product_tag":[],"class_list":{"0":"post-70","1":"product","2":"type-product","3":"status-publish","4":"has-post-thumbnail","6":"product_cat-produse-premium","8":"first","9":"instock","10":"virtual","11":"product-type-simple"},"_links":{"self":[{"href":"https:\/\/www.italprod.eu\/en\/wp-json\/wp\/v2\/product\/70","targetHints":{"allow":["GET"]}}],"collection":[{"href":"https:\/\/www.italprod.eu\/en\/wp-json\/wp\/v2\/product"}],"about":[{"href":"https:\/\/www.italprod.eu\/en\/wp-json\/wp\/v2\/types\/product"}],"replies":[{"embeddable":true,"href":"https:\/\/www.italprod.eu\/en\/wp-json\/wp\/v2\/comments?post=70"}],"version-history":[{"count":3,"href":"https:\/\/www.italprod.eu\/en\/wp-json\/wp\/v2\/product\/70\/revisions"}],"predecessor-version":[{"id":6654,"href":"https:\/\/www.italprod.eu\/en\/wp-json\/wp\/v2\/product\/70\/revisions\/6654"}],"wp:featuredmedia":[{"embeddable":true,"href":"https:\/\/www.italprod.eu\/en\/wp-json\/wp\/v2\/media\/6652"}],"wp:attachment":[{"href":"https:\/\/www.italprod.eu\/en\/wp-json\/wp\/v2\/media?parent=70"}],"wp:term":[{"taxonomy":"product_cat","embeddable":true,"href":"https:\/\/www.italprod.eu\/en\/wp-json\/wp\/v2\/product_cat?post=70"},{"taxonomy":"product_tag","embeddable":true,"href":"https:\/\/www.italprod.eu\/en\/wp-json\/wp\/v2\/product_tag?post=70"}],"curies":[{"name":"wp","href":"https:\/\/api.w.org\/{rel}","templated":true}]}}