{"id":6795,"date":"2025-03-22T16:08:47","date_gmt":"2025-03-22T16:08:47","guid":{"rendered":"https:\/\/www.italprod.eu\/?post_type=product&#038;p=6795"},"modified":"2025-03-22T16:09:58","modified_gmt":"2025-03-22T16:09:58","slug":"pasta-de-arahide-sarate","status":"publish","type":"product","link":"https:\/\/www.italprod.eu\/en\/product\/pasta-de-arahide-sarate\/","title":{"rendered":"Past\u0103 de arahide s\u0103rate"},"content":{"rendered":"<p>Past\u0103 de arahide s\u0103rate<\/p>\n<p>Produsul este ob\u021binut din arahide sortate, prajite, rafinate, decojite.<\/p>\n<div id=\"simple-translate\" class=\"simple-translate-system-theme\">\n<div>\n<div class=\"simple-translate-panel\" style=\"width: 300px; height: 200px; top: 0px; left: 0px; font-size: 13px;\">\n<div class=\"simple-translate-result-wrapper\" style=\"overflow: hidden;\">\n<div class=\"simple-translate-result-contents\">\n<p class=\"simple-translate-candidate\" dir=\"auto\">\n<\/div>\n<\/div>\n<\/div>\n<\/div>\n<\/div>","protected":false},"excerpt":{"rendered":"<p>Produsul este ob\u021binut din arahide sortate, prajite, rafinate, decojite.<\/p>","protected":false},"featured_media":6750,"comment_status":"open","ping_status":"closed","template":"","meta":{"pagelayer_contact_templates":[],"_pagelayer_content":""},"product_cat":[47],"product_tag":[],"class_list":{"0":"post-6795","1":"product","2":"type-product","3":"status-publish","4":"has-post-thumbnail","6":"product_cat-pasta-pura","8":"first","9":"instock","10":"virtual","11":"product-type-simple"},"_links":{"self":[{"href":"https:\/\/www.italprod.eu\/en\/wp-json\/wp\/v2\/product\/6795","targetHints":{"allow":["GET"]}}],"collection":[{"href":"https:\/\/www.italprod.eu\/en\/wp-json\/wp\/v2\/product"}],"about":[{"href":"https:\/\/www.italprod.eu\/en\/wp-json\/wp\/v2\/types\/product"}],"replies":[{"embeddable":true,"href":"https:\/\/www.italprod.eu\/en\/wp-json\/wp\/v2\/comments?post=6795"}],"version-history":[{"count":1,"href":"https:\/\/www.italprod.eu\/en\/wp-json\/wp\/v2\/product\/6795\/revisions"}],"predecessor-version":[{"id":6796,"href":"https:\/\/www.italprod.eu\/en\/wp-json\/wp\/v2\/product\/6795\/revisions\/6796"}],"wp:featuredmedia":[{"embeddable":true,"href":"https:\/\/www.italprod.eu\/en\/wp-json\/wp\/v2\/media\/6750"}],"wp:attachment":[{"href":"https:\/\/www.italprod.eu\/en\/wp-json\/wp\/v2\/media?parent=6795"}],"wp:term":[{"taxonomy":"product_cat","embeddable":true,"href":"https:\/\/www.italprod.eu\/en\/wp-json\/wp\/v2\/product_cat?post=6795"},{"taxonomy":"product_tag","embeddable":true,"href":"https:\/\/www.italprod.eu\/en\/wp-json\/wp\/v2\/product_tag?post=6795"}],"curies":[{"name":"wp","href":"https:\/\/api.w.org\/{rel}","templated":true}]}}