{"id":6790,"date":"2025-03-22T16:06:13","date_gmt":"2025-03-22T16:06:13","guid":{"rendered":"https:\/\/www.italprod.eu\/?post_type=product&#038;p=6790"},"modified":"2025-04-28T11:04:21","modified_gmt":"2025-04-28T11:04:21","slug":"alune-de-padure-coapte-granulate","status":"publish","type":"product","link":"https:\/\/www.italprod.eu\/en\/product\/alune-de-padure-coapte-granulate\/","title":{"rendered":"Alune de padure coapte granulate"},"content":{"rendered":"<p>Alune de padure coapte granulate, 2-4 mm,<\/p>\n<p>Produs obtinut din alune decojite mecanic (Corylus Avellana) si supuse selectiei mecanice si manuale. Dup\u0103 pr\u0103jire (pr\u0103jire medie), decojire \u0219i selec\u021bie mecanic\u0103 este t\u0103iat \u00een buc\u0103\u021bi mici \u0219i calibrat pentru dimensiune.<\/p>\n<div id=\"simple-translate\" class=\"simple-translate-system-theme\">\n<div>\n<div class=\"simple-translate-panel\" style=\"width: 300px; height: 200px; top: 0px; left: 0px; font-size: 13px;\">\n<div class=\"simple-translate-result-wrapper\" style=\"overflow: hidden;\">\n<div class=\"simple-translate-result-contents\">\n<p class=\"simple-translate-candidate\" dir=\"auto\">\n<\/div>\n<\/div>\n<\/div>\n<\/div>\n<\/div>","protected":false},"excerpt":{"rendered":"<p>Produs obtinut din alune decojite mecanic (Corylus Avellana) si supuse selectiei mecanice si manuale. Dup\u0103 pr\u0103jire (pr\u0103jire medie), decojire \u0219i selec\u021bie mecanic\u0103 este t\u0103iat \u00een buc\u0103\u021bi mici \u0219i calibrat pentru dimensiune.<\/p>","protected":false},"featured_media":6793,"comment_status":"open","ping_status":"closed","template":"","meta":{"pagelayer_contact_templates":[],"_pagelayer_content":""},"product_cat":[47],"product_tag":[],"class_list":{"0":"post-6790","1":"product","2":"type-product","3":"status-publish","4":"has-post-thumbnail","6":"product_cat-pasta-pura","8":"first","9":"instock","10":"virtual","11":"product-type-simple"},"_links":{"self":[{"href":"https:\/\/www.italprod.eu\/en\/wp-json\/wp\/v2\/product\/6790","targetHints":{"allow":["GET"]}}],"collection":[{"href":"https:\/\/www.italprod.eu\/en\/wp-json\/wp\/v2\/product"}],"about":[{"href":"https:\/\/www.italprod.eu\/en\/wp-json\/wp\/v2\/types\/product"}],"replies":[{"embeddable":true,"href":"https:\/\/www.italprod.eu\/en\/wp-json\/wp\/v2\/comments?post=6790"}],"version-history":[{"count":1,"href":"https:\/\/www.italprod.eu\/en\/wp-json\/wp\/v2\/product\/6790\/revisions"}],"predecessor-version":[{"id":6794,"href":"https:\/\/www.italprod.eu\/en\/wp-json\/wp\/v2\/product\/6790\/revisions\/6794"}],"wp:featuredmedia":[{"embeddable":true,"href":"https:\/\/www.italprod.eu\/en\/wp-json\/wp\/v2\/media\/6793"}],"wp:attachment":[{"href":"https:\/\/www.italprod.eu\/en\/wp-json\/wp\/v2\/media?parent=6790"}],"wp:term":[{"taxonomy":"product_cat","embeddable":true,"href":"https:\/\/www.italprod.eu\/en\/wp-json\/wp\/v2\/product_cat?post=6790"},{"taxonomy":"product_tag","embeddable":true,"href":"https:\/\/www.italprod.eu\/en\/wp-json\/wp\/v2\/product_tag?post=6790"}],"curies":[{"name":"wp","href":"https:\/\/api.w.org\/{rel}","templated":true}]}}