{"id":6743,"date":"2025-03-22T15:20:29","date_gmt":"2025-03-22T15:20:29","guid":{"rendered":"https:\/\/www.italprod.eu\/?post_type=product&#038;p=6743"},"modified":"2025-03-22T15:21:02","modified_gmt":"2025-03-22T15:21:02","slug":"pasta-de-fistic-cu-clorofila","status":"publish","type":"product","link":"https:\/\/www.italprod.eu\/en\/product\/pasta-de-fistic-cu-clorofila\/","title":{"rendered":"Past\u0103 de fistic cu clorofil\u0103"},"content":{"rendered":"<p>Past\u0103 de fistic cu clorofil\u0103<\/p>\n<p>Pasta ob\u021binut\u0103 din fistic mediteranean usor prajit si macinat pana la obtinerea unei paste fine si omogene, ulterior procesului de depeliculare, prerafinare si rafinare. Seminte obtinute din fructele de Pistacia vera L. (familia Anacardiaceae) prin procesul de separare fizica de partile externe (pericarp, coaja si pelicula interna). Fisticul este de origine mediteraneana, nu provine din culturi manipulate genetic (fara OMG) si este un produs de prima calitate. Fructele sunt recoltate la gradul perfect de maturitate. Produs prin metode ce respecta conditiile igienico-sanitare. Utilizarea materiei prime atent selectionate asigura persistenta notelor aromatice.<\/p>\n<div id=\"simple-translate\" class=\"simple-translate-system-theme\">\n<div>\n<div class=\"simple-translate-panel\" style=\"width: 300px; height: 200px; top: 0px; left: 0px; font-size: 13px;\">\n<div class=\"simple-translate-result-wrapper\" style=\"overflow: hidden;\">\n<div class=\"simple-translate-result-contents\">\n<p class=\"simple-translate-candidate\" dir=\"auto\">\n<\/div>\n<\/div>\n<\/div>\n<\/div>\n<\/div>","protected":false},"excerpt":{"rendered":"<p>Pasta ob\u021binut\u0103 din fistic mediteranean usor prajit si macinat pana la obtinerea unei paste fine si omogene, ulterior procesului de depeliculare, prerafinare si rafinare. Seminte obtinute din fructele de Pistacia vera L. (familia Anacardiaceae) prin procesul de separare fizica de partile externe (pericarp, coaja si pelicula interna). Fisticul este de origine mediteraneana, nu provine din culturi manipulate genetic (fara OMG) si este un produs de prima calitate. Fructele sunt recoltate la gradul perfect de maturitate. Produs prin metode ce respecta conditiile igienico-sanitare. Utilizarea materiei prime atent selectionate asigura persistenta notelor aromatice.<\/p>","protected":false},"featured_media":6744,"comment_status":"open","ping_status":"closed","template":"","meta":{"pagelayer_contact_templates":[],"_pagelayer_content":""},"product_cat":[47],"product_tag":[],"class_list":{"0":"post-6743","1":"product","2":"type-product","3":"status-publish","4":"has-post-thumbnail","6":"product_cat-pasta-pura","8":"first","9":"instock","10":"virtual","11":"product-type-simple"},"_links":{"self":[{"href":"https:\/\/www.italprod.eu\/en\/wp-json\/wp\/v2\/product\/6743","targetHints":{"allow":["GET"]}}],"collection":[{"href":"https:\/\/www.italprod.eu\/en\/wp-json\/wp\/v2\/product"}],"about":[{"href":"https:\/\/www.italprod.eu\/en\/wp-json\/wp\/v2\/types\/product"}],"replies":[{"embeddable":true,"href":"https:\/\/www.italprod.eu\/en\/wp-json\/wp\/v2\/comments?post=6743"}],"version-history":[{"count":1,"href":"https:\/\/www.italprod.eu\/en\/wp-json\/wp\/v2\/product\/6743\/revisions"}],"predecessor-version":[{"id":6745,"href":"https:\/\/www.italprod.eu\/en\/wp-json\/wp\/v2\/product\/6743\/revisions\/6745"}],"wp:featuredmedia":[{"embeddable":true,"href":"https:\/\/www.italprod.eu\/en\/wp-json\/wp\/v2\/media\/6744"}],"wp:attachment":[{"href":"https:\/\/www.italprod.eu\/en\/wp-json\/wp\/v2\/media?parent=6743"}],"wp:term":[{"taxonomy":"product_cat","embeddable":true,"href":"https:\/\/www.italprod.eu\/en\/wp-json\/wp\/v2\/product_cat?post=6743"},{"taxonomy":"product_tag","embeddable":true,"href":"https:\/\/www.italprod.eu\/en\/wp-json\/wp\/v2\/product_tag?post=6743"}],"curies":[{"name":"wp","href":"https:\/\/api.w.org\/{rel}","templated":true}]}}