{"id":6730,"date":"2025-03-22T15:10:46","date_gmt":"2025-03-22T15:10:46","guid":{"rendered":"https:\/\/www.italprod.eu\/?post_type=product&#038;p=6730"},"modified":"2025-03-22T15:10:46","modified_gmt":"2025-03-22T15:10:46","slug":"pasta-de-migdale-dulci-si-amare-coapte-fara-pielita","status":"publish","type":"product","link":"https:\/\/www.italprod.eu\/en\/product\/pasta-de-migdale-dulci-si-amare-coapte-fara-pielita\/","title":{"rendered":"Past\u0103 de migdale dulci si amare coapte fara pielita"},"content":{"rendered":"<p>Past\u0103 de migdale dulci si amare coapte fara pielita<\/p>\n<p>Pasta ob\u021binut\u0103 exclusiv din migdale deshidratate reduse la o past\u0103 fin\u0103 \u0219i omogen\u0103 printr-un proces de decojire, pre-rafinare \u0219i rafinare.<br \/>\nUtilizarea materiilor prime atent selectate garanteaz\u0103 o persisten\u021b\u0103 a notei aromatice. No OGM. Produs vegan, fara gluten, fara lactoza.<\/p>","protected":false},"excerpt":{"rendered":"<p>Pasta ob\u021binut\u0103 exclusiv din migdale deshidratate reduse la o past\u0103 fin\u0103 \u0219i omogen\u0103 printr-un proces de decojire, pre-rafinare \u0219i rafinare.<br \/>\nUtilizarea materiilor prime atent selectate garanteaz\u0103 o persisten\u021b\u0103 a notei aromatice. No OGM. Produs vegan, fara gluten, fara lactoza.<\/p>","protected":false},"featured_media":6728,"comment_status":"open","ping_status":"closed","template":"","meta":{"pagelayer_contact_templates":[],"_pagelayer_content":""},"product_cat":[47],"product_tag":[],"class_list":{"0":"post-6730","1":"product","2":"type-product","3":"status-publish","4":"has-post-thumbnail","6":"product_cat-pasta-pura","8":"first","9":"instock","10":"virtual","11":"product-type-simple"},"_links":{"self":[{"href":"https:\/\/www.italprod.eu\/en\/wp-json\/wp\/v2\/product\/6730","targetHints":{"allow":["GET"]}}],"collection":[{"href":"https:\/\/www.italprod.eu\/en\/wp-json\/wp\/v2\/product"}],"about":[{"href":"https:\/\/www.italprod.eu\/en\/wp-json\/wp\/v2\/types\/product"}],"replies":[{"embeddable":true,"href":"https:\/\/www.italprod.eu\/en\/wp-json\/wp\/v2\/comments?post=6730"}],"version-history":[{"count":1,"href":"https:\/\/www.italprod.eu\/en\/wp-json\/wp\/v2\/product\/6730\/revisions"}],"predecessor-version":[{"id":6731,"href":"https:\/\/www.italprod.eu\/en\/wp-json\/wp\/v2\/product\/6730\/revisions\/6731"}],"wp:featuredmedia":[{"embeddable":true,"href":"https:\/\/www.italprod.eu\/en\/wp-json\/wp\/v2\/media\/6728"}],"wp:attachment":[{"href":"https:\/\/www.italprod.eu\/en\/wp-json\/wp\/v2\/media?parent=6730"}],"wp:term":[{"taxonomy":"product_cat","embeddable":true,"href":"https:\/\/www.italprod.eu\/en\/wp-json\/wp\/v2\/product_cat?post=6730"},{"taxonomy":"product_tag","embeddable":true,"href":"https:\/\/www.italprod.eu\/en\/wp-json\/wp\/v2\/product_tag?post=6730"}],"curies":[{"name":"wp","href":"https:\/\/api.w.org\/{rel}","templated":true}]}}