{"id":66,"date":"2024-03-08T08:42:25","date_gmt":"2024-03-08T08:42:25","guid":{"rendered":"https:\/\/demo2wpopal.b-cdn.net\/lebagol\/shop\/sleek-wool-computer\/"},"modified":"2025-04-15T12:56:15","modified_gmt":"2025-04-15T12:56:15","slug":"felii-de-portocala-confiata-cu-pulpa","status":"publish","type":"product","link":"https:\/\/www.italprod.eu\/en\/product\/felii-de-portocala-confiata-cu-pulpa\/","title":{"rendered":"Felii de portocala confiata cu pulpa"},"content":{"rendered":"<p>Felii de portocala cu pulpa supuse unui proces de confiere. Gustul este dulce \u015fi aroma este tipic\u0103.<br \/>\nFeliile confiate sunt ambalate \u00een cutii de carton, f\u0103r\u0103 sirop.<\/p>","protected":false},"excerpt":{"rendered":"<p>Felii de portocala cu pulpa supuse unui proces de confiere. Gustul este dulce \u015fi aroma este tipic\u0103.<br \/>\nFeliile confiate sunt ambalate \u00een cutii de carton, f\u0103r\u0103 sirop.<\/p>","protected":false},"featured_media":6662,"comment_status":"open","ping_status":"closed","template":"","meta":{"pagelayer_contact_templates":[],"_pagelayer_content":""},"product_cat":[38],"product_tag":[68],"class_list":{"0":"post-66","1":"product","2":"type-product","3":"status-publish","4":"has-post-thumbnail","6":"product_cat-fructe-confiate","7":"product_tag-fructeconfiate-portocaleconfiate","9":"first","10":"outofstock","11":"shipping-taxable","12":"product-type-simple"},"_links":{"self":[{"href":"https:\/\/www.italprod.eu\/en\/wp-json\/wp\/v2\/product\/66","targetHints":{"allow":["GET"]}}],"collection":[{"href":"https:\/\/www.italprod.eu\/en\/wp-json\/wp\/v2\/product"}],"about":[{"href":"https:\/\/www.italprod.eu\/en\/wp-json\/wp\/v2\/types\/product"}],"replies":[{"embeddable":true,"href":"https:\/\/www.italprod.eu\/en\/wp-json\/wp\/v2\/comments?post=66"}],"version-history":[{"count":3,"href":"https:\/\/www.italprod.eu\/en\/wp-json\/wp\/v2\/product\/66\/revisions"}],"predecessor-version":[{"id":6665,"href":"https:\/\/www.italprod.eu\/en\/wp-json\/wp\/v2\/product\/66\/revisions\/6665"}],"wp:featuredmedia":[{"embeddable":true,"href":"https:\/\/www.italprod.eu\/en\/wp-json\/wp\/v2\/media\/6662"}],"wp:attachment":[{"href":"https:\/\/www.italprod.eu\/en\/wp-json\/wp\/v2\/media?parent=66"}],"wp:term":[{"taxonomy":"product_cat","embeddable":true,"href":"https:\/\/www.italprod.eu\/en\/wp-json\/wp\/v2\/product_cat?post=66"},{"taxonomy":"product_tag","embeddable":true,"href":"https:\/\/www.italprod.eu\/en\/wp-json\/wp\/v2\/product_tag?post=66"}],"curies":[{"name":"wp","href":"https:\/\/api.w.org\/{rel}","templated":true}]}}