{"id":107,"date":"2024-03-08T08:43:02","date_gmt":"2024-03-08T08:43:02","guid":{"rendered":"https:\/\/demo2wpopal.b-cdn.net\/lebagol\/shop\/awesome-leather-shoes\/"},"modified":"2025-04-15T12:56:50","modified_gmt":"2025-04-15T12:56:50","slug":"cirese-confiate-rosii-cu-codita","status":"publish","type":"product","link":"https:\/\/www.italprod.eu\/en\/product\/cirese-confiate-rosii-cu-codita\/","title":{"rendered":"Cirese confiate rosii cu codita"},"content":{"rendered":"<p><strong>INGREDIENTE: <\/strong>Cire\u0219e, ap\u0103, sirop de glucoz\u0103-fructoz\u0103, zah\u0103r, acidifiant: acid citric, colorant (eritrozin\u0103), arom\u0103.<\/p>\n<p><strong>VALORI NUTRITIONALE pentru 100g de produs<\/strong>: Valoare energetic\u0103: 840kj\/198kcal, Gr\u0103simi 0,1g; din care acizi gra\u0219i satura\u021bi: 0,0g. Glucide: 49,2g; din care zaharuri: 46,6g; Fibre: &lt;0,5g, Proteine: &lt;0,3g; Sare: 0,15g.<\/p>\n<p>POATE CON\u021aINE S\u00c2MBURI SAU FRAGMENTE DE S\u00c2MBURI.<\/p>","protected":false},"excerpt":{"rendered":"<p>Cire\u0219ele cocktail ro\u0219ii cu codi\u021b\u0103 sunt ob\u021binute din cire\u0219e (Prunus avium), mature \u0219i proaspete p\u0103strate \u00een solu\u021bie de conservare, supuse apoi unui proces de confiere \u00een tancuri speciale de confiere respect\u00e2nd bunele practici de fabrica\u021bie.<\/p>","protected":false},"featured_media":6304,"comment_status":"open","ping_status":"closed","template":"","meta":{"pagelayer_contact_templates":[],"_pagelayer_content":""},"product_cat":[62],"product_tag":[59,60,61],"class_list":{"0":"post-107","1":"product","2":"type-product","3":"status-publish","4":"has-post-thumbnail","6":"product_cat-cocktail-cherries","7":"product_tag-cirese","8":"product_tag-ciresecocktail","9":"product_tag-cocktail","11":"first","12":"instock","13":"featured","14":"shipping-taxable","15":"product-type-grouped"},"_links":{"self":[{"href":"https:\/\/www.italprod.eu\/en\/wp-json\/wp\/v2\/product\/107","targetHints":{"allow":["GET"]}}],"collection":[{"href":"https:\/\/www.italprod.eu\/en\/wp-json\/wp\/v2\/product"}],"about":[{"href":"https:\/\/www.italprod.eu\/en\/wp-json\/wp\/v2\/types\/product"}],"replies":[{"embeddable":true,"href":"https:\/\/www.italprod.eu\/en\/wp-json\/wp\/v2\/comments?post=107"}],"version-history":[{"count":7,"href":"https:\/\/www.italprod.eu\/en\/wp-json\/wp\/v2\/product\/107\/revisions"}],"predecessor-version":[{"id":6318,"href":"https:\/\/www.italprod.eu\/en\/wp-json\/wp\/v2\/product\/107\/revisions\/6318"}],"wp:featuredmedia":[{"embeddable":true,"href":"https:\/\/www.italprod.eu\/en\/wp-json\/wp\/v2\/media\/6304"}],"wp:attachment":[{"href":"https:\/\/www.italprod.eu\/en\/wp-json\/wp\/v2\/media?parent=107"}],"wp:term":[{"taxonomy":"product_cat","embeddable":true,"href":"https:\/\/www.italprod.eu\/en\/wp-json\/wp\/v2\/product_cat?post=107"},{"taxonomy":"product_tag","embeddable":true,"href":"https:\/\/www.italprod.eu\/en\/wp-json\/wp\/v2\/product_tag?post=107"}],"curies":[{"name":"wp","href":"https:\/\/api.w.org\/{rel}","templated":true}]}}