{"id":6821,"date":"2025-03-22T18:38:41","date_gmt":"2025-03-22T18:38:41","guid":{"rendered":"https:\/\/www.italprod.eu\/?page_id=6821"},"modified":"2025-03-22T18:52:11","modified_gmt":"2025-03-22T18:52:11","slug":"termeni-si-conditii","status":"publish","type":"page","link":"https:\/\/www.italprod.eu\/en\/termeni-si-conditii\/","title":{"rendered":"Termeni si Conditii"},"content":{"rendered":"<div data-elementor-type=\"wp-page\" data-elementor-id=\"6821\" class=\"elementor elementor-6821\" data-elementor-post-type=\"page\">\n\t\t\t\t<div class=\"elementor-element elementor-element-4e8e26c9 e-flex e-con-boxed e-con e-parent\" data-id=\"4e8e26c9\" data-element_type=\"container\">\n\t\t\t\t\t<div class=\"e-con-inner\">\n\t\t\t\t<div class=\"elementor-element elementor-element-5e62f45f elementor-widget elementor-widget-text-editor\" data-id=\"5e62f45f\" data-element_type=\"widget\" data-widget_type=\"text-editor.default\">\n\t\t\t\t<div class=\"elementor-widget-container\"><p><strong>1. INTRODUCERE<\/strong><br \/>Prezentul document (i\u0302mpreuna\u0306 cu toate documentele ment\u0327ionate i\u0302n acesta) stabiles\u0327te termenii s\u0327i condit\u0327iile care guverneaza\u0306 utilizarea acestui site web www.italprod.shop (i\u0302n continuare \u201e Site-ul\u201d\/ \u201eSite-ul web\u201d) s\u0327i plasarea de comenzi de produse prin intermediul acestuia.<br \/>Va\u0306 ruga\u0306m sa\u0306 citit\u0327i Termenii \u0219i Condi\u021biile, Politica noastra\u0306 privind modulele cookie s\u0327i Politica noastra\u0306 de confident\u0327ialitate i\u0302nainte de a utiliza Site-ul web si de a plasa comenzi prin intermediul acestuia.<br \/>Prin accesarea s\u0326i utilizarea acestui Site web s\u0326i\/sau plasarea unei comenzi prin intermediul acestuia, recunoas\u0326tet\u0326i i\u0302n mod expres caracterul obligatoriu \u0219i va\u0306 asumat\u0326i angajamentul de a respecta Termenii \u0219i Condi\u021biile s\u0327i Politicile privind protect\u0327ia datelor.<\/p>\n<p><strong>2. CINE SUNTEM NOI<\/strong><br \/>Va\u0302nzarea produselor prin intermediul acestui Site web este desfa\u0306s\u0327urata\u0306 de ca\u0306tre S.C. Italprod SRL (\u00een continuare Italprod)| Cod Fiscal RO13435244 | Reg. Com. J10\/150\/2001<\/p>\n<p><strong>3. PROPRIETATE INTELECTUALA\u0306<\/strong><br \/>Italprod este proprietarul exclusiv al tuturor drepturilor de proprietate intelectual\u0103 referitoare la con\u021binutului Site-ului Italprod, inclusiv, f\u0103r\u0103 a se limita la, articole, text, fotografii, ilustra\u021bii, muzic\u0103, clipuri audio \u0219i video, m\u0103rci comerciale, embleme \u0219i modele.<br \/>Nicio sec\u021biune din con\u021binutul de proprietate intelectual\u0103 al acestui site nu poate fi reprodus\u0103, distribuit\u0103 sau publicat\u0103 sub nici o form\u0103 sau prin niciun mijloc, f\u0103r\u0103 acordul prealabil scris al Italprod. Prin urmare, vizitatorii Site-ului trebuie s\u0103 \u00een\u021beleag\u0103 \u0219i s\u0103 consimt\u0103 s\u0103 nu modifice, s\u0103 v\u00e2nd\u0103, s\u0103 distribuie sau s\u0103 creeze lucr\u0103ri\/opere\/ derivate, pe baza imaginilor \u0219i a informa\u021biilor publicate pe acest Site.<\/p>\n<p><strong>4. UTILIZAREA SITE-ULUI NOSTRU WEB<\/strong><br \/>Prin utilizarea acestui Site web s\u0327i\/sau plasarea orica\u0306rei comenzi de produse prin intermediul acestuia, va\u0306 obligat\u0327i:<br \/><strong>a.<\/strong>\u00a0Sa\u0306 nu efectuat\u0327i nicio comanda\u0306 falsa\u0306 sau frauduloasa\u0306. I\u0302n cazul i\u0302n care avem motive i\u0302ntemeiate sa\u0306 credem ca\u0306 at\u0327i efectuat o astfel de comanda\u0306, avem dreptul sa\u0306 anula\u0306m comanda s\u0327i sa\u0306 informa\u0306m i\u0302n mod corespunza\u0306tor autorita\u0306t\u0327ile competente.<br \/><strong>b.<\/strong>\u00a0Sa\u0306 ne furnizat\u0327i o adresa\u0306 de e-mail, o adresa\u0306 pos\u0327tala\u0306 s\u0327i\/sau alte date de contact corecte s\u0327i exacte. Daca\u0306 nu ne furnizat\u0327i toate informat\u0327iile de care avem nevoie, este posibil sa\u0306 nu putem sa\u0306 finaliza\u0306m comanda dumneavoastra\u0306.<br \/>Prin plasarea unei comenzi prin intermediul Site-ului web, declarat\u0327i ca\u0306 avet\u0327i peste 18 ani s\u0327i ca\u0306 avet\u0327i capacitatea legala\u0306 de a i\u0302ncheia contracte ferme.<\/p>\n<p><strong>5. PLASAREA UNEI COMENZI<\/strong><br \/>Clientul\/Cump\u0103r\u0103torul poate cump\u0103ra produse de pe Site-ul www.italprod.shop prin oricare dintre urm\u0103toarele modalit\u0103\u021bi: crearea unui cont pe Site \/ f\u0103r\u0103 obliga\u021bia de \u00eenregistrare sau autentificare pe site.<br \/>Pentru produsele avute pe stoc, confirmarea comenzii se va face prin email.<br \/>Pentru produsele pe care nu le avem \u00een stoc, comanda se va face printr-un formular de comand\u0103 disponibil pe Site. Odat\u0103 ajuns\u0103 la noi comanda, v\u0103 vom contacta telefonic pentru confirmarea comenzii.<\/p>\n<p><strong>6. PRET\u0327 S\u0327I PLATA\u0306<\/strong><br \/>Pret\u0327urile afis\u0327ate pe Site-ul nostru web includ TVA. Accept\u0103m plat\u0103 online sau ramburs la livrare.<\/p>\n<p><strong>7. LIVRARE<\/strong><br \/>Livrarea produselor se va face prin intermediul serviciilor de curierat.<br \/>Termen de livrare pentru produse: \u00cen stoc 1-2 zile lucr\u0103toare.<\/p>\n<p><strong>8. GARAN\u021aIA \u0218I RETURNAREA PRODUSELOR<\/strong><br \/>Asigur\u0103m garan\u021bia tuturor produselor comercializate prin intermediul Site-ului, potrivit dispozi\u021biilor legale privind v\u00e2nzarea produselor \u0219i garan\u021biile asociate acestora.<br \/>\u00cen cazul \u00een care la momentul primirii, produsul are un defect, Clientul \/ Cump\u0103r\u0103torul trebuie s\u0103 contacteze imediat Italprod prin e-mail la adresa italprod@italprod.shop \u0219i s\u0103 adauge poze ale produsului, acestea urm\u00e2nd a fi trimise produc\u0103torului). \u00cen termen de maxim 30 zile calendaristice din ziua \u00een care coletul a fost livrat, Clientul\/Cump\u0103r\u0103torul trebuie s\u0103 returneze produsul (plata curierului pentru retur va fi suportat\u0103 de Italprod). Este foarte important ca produsul s\u0103 fie \u00eempachetat \u00een ambalajul lui original, s\u0103 nu aib\u0103 urme de uzur\u0103, s\u0103 nu sufere alter\u0103ri de orice fel etc.<br \/>\u00cen momentul \u00een care Italprod va primi produsul, \u00eel vom controla pentru confirmarea defectului, iar Clientului\/Cump\u0103r\u0103torului \u00eei vom trimite un produs nou.<br \/>Clientul se oblig\u0103 s\u0103 returneze produsul f\u0103r\u0103 a consuma substan\u021ba acestuia. Orice folosire a produsului care duce la o pierdere de 10% sau mai mult din volumul acestuia, va fi considerat\u0103 acceptat\u0103 de c\u0103tre client \u0219i respins\u0103 \u00een mod automat de c\u0103tre Italprod.<br \/>\u00cen cazul \u00een care Clientul\/Cump\u0103r\u0103torul nu dore\u0219te un produs nou \u00een schimb, rambursarea se va face in termen de minimum 10 zile din momentul livr\u0103rii produsului.<br \/>\u00cen cazul \u00een care Clientul\/Cump\u0103r\u0103torul vrea sa schimbe produsul pentru unul de o alt\u0103 arom\u0103, etc, este rugat s\u0103 contacteze Italprod prin email la adresa italprod@italprod.shop \u0219i s\u0103 returneze produsul prin curier \u00een termen de maxim 30 zile calendaristice din ziua \u00een care acesta fost livrat la Client \/ Cump\u0103r\u0103tor (\u00een acest caz plata curierului este suportat\u0103 de Client \/ Cump\u0103r\u0103tor).<\/p>\n<p><strong>9. RA\u0306SPUNDERE<\/strong><br \/>Italprod nu poate fi responsabil pentru daune de orice fel pe care Clientul\/Cump\u0103r\u0103torul sau oricare ter\u021b\u0103 parte o poate suferi ca rezultat al \u00eendeplinirii de c\u0103tre Italprod a oric\u0103rei din obliga\u021biile sale conform Comenzii \u0219i pentru daune care rezult\u0103 din utilizarea necorespunz\u0103toare a bunurilor dup\u0103 livrare \u0219i \u00een special pentru pierderea acestora.<br \/>Imaginile care sunt prezentate pe Site au caracter informativ, produsele efectiv livrate put\u00e2nd diferi de acestea \u00een ceea ce prive\u0219te nuan\u021bele de culoare.<br \/>Prin crearea \u0219i utilizarea contului, Clientul\/Cump\u0103r\u0103torul \u00ee\u0219i asum\u0103 r\u0103spunderea pentru p\u0103strarea confiden\u021bialit\u0103\u021bii datelor de cont (user \u0219i parol\u0103) \u0219i pentru gestionarea acces\u0103rii contului. \u00cen m\u0103sura permis\u0103 de legisla\u021bia in vigoare, este responsabil de activitatea derulat\u0103 prin intermediul contului s\u0103u.<\/p>\n<p><strong>10. EVENIMENTE DE FORT\u0326A\u0306 MAJORA\u0306<\/strong><br \/>Nici una din p\u0103r\u021bi nu va fi r\u0103spunz\u0103toare pentru neexecutarea obliga\u021biilor sale contractuale, dac\u0103 o astfel de neexecutare la termen \u0219i\/sau \u00een mod corespunz\u0103tor, total sau par\u021bial este datorat\u0103 unui eveniment de for\u021b\u0103 major\u0103. For\u021ba major\u0103 este evenimentul imprevizibil, \u00een afara controlului p\u0103r\u021bilor \u0219i care nu poate fi evitat.<br \/>Dac\u0103 \u00een termen de 15 (cincisprezece) zile de la data producerii lui, respectivul eveniment nu \u00eenceteaz\u0103, fiecare parte va avea dreptul s\u0103 notifice celeilalte p\u0103r\u021bi \u00eencetarea de plin drept a contractului f\u0103r\u0103 ca vreuna dintre ele s\u0103 poat\u0103 pretinde celeilalte alte daune-interese.<\/p>\n<p><strong>11. DREPTUL NOSTRU DE A MODIFICA ACES\u0327TI TERMENI<\/strong><br \/>Avem dreptul de a revizui s\u0327i modifica aces\u0327ti Termeni i\u0302n mod ocazional s\u0326i discret\u0326ionar.<br \/>Avet\u0327i responsabilitatea de a citi i\u0302n i\u0302ntregime Termenii s\u0326i Politicile privind protect\u0326ia datelor, i\u0302ntruca\u0302t aplicabili vor fi Termenii s\u0326i Politicile privind protect\u0326ia datelor i\u0302n vigoare i\u0302n momentul vizit\u0103rii Site-ului web, respectiv al plas\u0103rii unei comenzi prin intermediul acestuia.<\/p>\n<p><strong>12. LEGISLAT\u0327IA APLICABILA\u0306 S\u0327I JURISDICT\u0327IA<\/strong><br \/>Utilizarea Site-ului nostru web s\u0327i Contractele pentru cumpa\u0306rarea produselor i\u0302ncheiate prin intermediul acestui Site web vor fi guvernate de legislat\u0327ia romana\u0306.<br \/>Eventualele litigii care decurg din sau i\u0302n lega\u0306tura\u0306 cu folosirea Site-ului web sau i\u0302n lega\u0306tura\u0306 cu aceste Contracte se vor rezolva pe cale amiabil\u0103 sau, \u00een cazul \u00een care aceasta nu va fi posibil\u0103, litigiile vor fi solu\u021bionate de instan\u021bele judec\u0103tore\u0219ti rom\u00e2ne competente.<\/p>\n<p><strong>13. PRELUCRAREA DATELOR CU CARACTER PERSONAL<\/strong><br \/>Prelucrarea datelor cu caracter personal la nivelul Italprod are loc cu respectarea Regulamentului (UE) 2016\/679 privind protec\u021bia persoanelor fizice \u00een ceea ce prive\u0219te prelucrarea datelor cu caracter personal \u0219i privind libera circula\u021bie a acestor date \u0219i de abrogare a Directivei 95\/46\/CE \u0219i a legisla\u021biei na\u021bionale \u00een domeniul protec\u021biei datelor.<br \/>Pentru a cunoa\u0219te mai mult detaliile legate de prelucrarea datelor cu caracter personal, v\u0103 rug\u0103m s\u0103 consulta\u021bi Politica de confiden\u021bialitate.<br \/>De asemenea pentru orice solicit\u0103ri sau nel\u0103muriri privind protec\u021bia datelor v\u0103 rug\u0103m s\u0103 ne contacta\u021bi la adresa de email: italprod@italprod.shop.<\/p><\/div>\n\t\t\t\t<\/div>\n\t\t\t\t\t<\/div>\n\t\t\t\t<\/div>\t\t<\/div>","protected":false},"excerpt":{"rendered":"<p>1. INTRODUCEREPrezentul document (i\u0302mpreuna\u0306 cu toate documentele ment\u0327ionate i\u0302n acesta) stabiles\u0327te termenii s\u0327i condit\u0327iile care guverneaza\u0306 utilizarea acestui site web www.italprod.shop (i\u0302n continuare \u201e Site-ul\u201d\/ \u201eSite-ul web\u201d) s\u0327i plasarea de comenzi de produse prin intermediul acestuia.Va\u0306 ruga\u0306m sa\u0306 citit\u0327i Termenii \u0219i Condi\u021biile, Politica noastra\u0306 privind modulele cookie s\u0327i Politica noastra\u0306 de confident\u0327ialitate i\u0302nainte de a [&hellip;]<\/p>","protected":false},"author":1,"featured_media":0,"parent":0,"menu_order":0,"comment_status":"closed","ping_status":"closed","template":"","meta":{"pagelayer_contact_templates":[],"_pagelayer_content":"","footnotes":""},"class_list":["post-6821","page","type-page","status-publish","hentry"],"_links":{"self":[{"href":"https:\/\/www.italprod.eu\/en\/wp-json\/wp\/v2\/pages\/6821","targetHints":{"allow":["GET"]}}],"collection":[{"href":"https:\/\/www.italprod.eu\/en\/wp-json\/wp\/v2\/pages"}],"about":[{"href":"https:\/\/www.italprod.eu\/en\/wp-json\/wp\/v2\/types\/page"}],"author":[{"embeddable":true,"href":"https:\/\/www.italprod.eu\/en\/wp-json\/wp\/v2\/users\/1"}],"replies":[{"embeddable":true,"href":"https:\/\/www.italprod.eu\/en\/wp-json\/wp\/v2\/comments?post=6821"}],"version-history":[{"count":4,"href":"https:\/\/www.italprod.eu\/en\/wp-json\/wp\/v2\/pages\/6821\/revisions"}],"predecessor-version":[{"id":6825,"href":"https:\/\/www.italprod.eu\/en\/wp-json\/wp\/v2\/pages\/6821\/revisions\/6825"}],"wp:attachment":[{"href":"https:\/\/www.italprod.eu\/en\/wp-json\/wp\/v2\/media?parent=6821"}],"curies":[{"name":"wp","href":"https:\/\/api.w.org\/{rel}","templated":true}]}}